{"id":376,"date":"2024-03-04T14:19:34","date_gmt":"2024-03-04T11:19:34","guid":{"rendered":"https:\/\/erenyesilyurt.com\/?page_id=376"},"modified":"2025-11-04T23:16:07","modified_gmt":"2025-11-04T20:16:07","slug":"hakkimda","status":"publish","type":"page","link":"https:\/\/erenyesilyurt.com\/index.php\/hakkimda\/","title":{"rendered":"Hakk\u0131mda\/About Me"},"content":{"rendered":"\n<p>Ben Eren Ye\u015filyurt. Bu websitesini kendi ilgi ve meraklar\u0131m \u00e7er\u00e7evesinde yaz\u0131 ve r\u00f6portajlar\u0131m\u0131 yay\u0131nlamak i\u00e7in a\u00e7t\u0131m. Websitemi b\u00fcy\u00fctmek ve bir \u00e7ok farkl\u0131 dilde yay\u0131n yapmak ve herhangi bir yerden destek almadan ba\u011f\u0131ms\u0131z olarak bu i\u015fleri yapmak istiyorum.<\/p>\n\n\n\n<p>I am Eren Ye\u015filyurt. I want to expand my website and publish in many different languages. I want to do these things independently without any support from anywhere.<\/p>\n\n\n\n<p>\u0130leti\u015fim\/ Contact: erenyesilyurt@erenyesilyurt.com<\/p>\n\n\n\n<p><\/p>\n\n\n\n<p><\/p>\n","protected":false},"excerpt":{"rendered":"<p>Ben Eren Ye\u015filyurt. Bu websitesini kendi ilgi ve meraklar\u0131m \u00e7er\u00e7evesinde yaz\u0131 ve r\u00f6portajlar\u0131m\u0131 yay\u0131nlamak i\u00e7in a\u00e7t\u0131m. Websitemi b\u00fcy\u00fctmek ve bir \u00e7ok farkl\u0131 dilde yay\u0131n yapmak ve herhangi bir yerden destek almadan ba\u011f\u0131ms\u0131z olarak bu i\u015fleri yapmak istiyorum. I am Eren Ye\u015filyurt. I want to expand my website and publish in many different languages. I want&#8230; <span class=\"more\"><a class=\"more-link\" href=\"https:\/\/erenyesilyurt.com\/index.php\/hakkimda\/\">Continue reading <span class=\"meta-nav\">&#8594;<\/span><\/a><\/span><\/p>\n","protected":false},"author":1,"featured_media":0,"parent":0,"menu_order":0,"comment_status":"closed","ping_status":"closed","template":"","meta":{"footnotes":""},"class_list":["post-376","page","type-page","status-publish","hentry"],"yoast_head":"<!-- This site is optimized with the Yoast SEO plugin v22.1 - https:\/\/yoast.com\/wordpress\/plugins\/seo\/ -->\n<title>Hakk\u0131mda\/About Me - Eren Ye\u015filyurt<\/title>\n<meta name=\"robots\" content=\"index, follow, max-snippet:-1, max-image-preview:large, max-video-preview:-1\" \/>\n<link rel=\"canonical\" href=\"https:\/\/erenyesilyurt.com\/index.php\/hakkimda\/\" \/>\n<meta property=\"og:locale\" content=\"en_US\" \/>\n<meta property=\"og:type\" content=\"article\" \/>\n<meta property=\"og:title\" content=\"Hakk\u0131mda\/About Me - Eren Ye\u015filyurt\" \/>\n<meta property=\"og:description\" content=\"Ben Eren Ye\u015filyurt. Bu websitesini kendi ilgi ve meraklar\u0131m \u00e7er\u00e7evesinde yaz\u0131 ve r\u00f6portajlar\u0131m\u0131 yay\u0131nlamak i\u00e7in a\u00e7t\u0131m. Websitemi b\u00fcy\u00fctmek ve bir \u00e7ok farkl\u0131 dilde yay\u0131n yapmak ve herhangi bir yerden destek almadan ba\u011f\u0131ms\u0131z olarak bu i\u015fleri yapmak istiyorum. I am Eren Ye\u015filyurt. I want to expand my website and publish in many different languages. I want... Continue reading &#8594;\" \/>\n<meta property=\"og:url\" content=\"https:\/\/erenyesilyurt.com\/index.php\/hakkimda\/\" \/>\n<meta property=\"og:site_name\" content=\"Eren Ye\u015filyurt\" \/>\n<meta property=\"article:modified_time\" content=\"2025-11-04T20:16:07+00:00\" \/>\n<meta name=\"twitter:card\" content=\"summary_large_image\" \/>\n<meta name=\"twitter:label1\" content=\"Est. reading time\" \/>\n\t<meta name=\"twitter:data1\" content=\"1 minute\" \/>\n<script type=\"application\/ld+json\" class=\"yoast-schema-graph\">{\"@context\":\"https:\/\/schema.org\",\"@graph\":[{\"@type\":\"WebPage\",\"@id\":\"https:\/\/erenyesilyurt.com\/index.php\/hakkimda\/\",\"url\":\"https:\/\/erenyesilyurt.com\/index.php\/hakkimda\/\",\"name\":\"Hakk\u0131mda\/About Me - Eren Ye\u015filyurt\",\"isPartOf\":{\"@id\":\"https:\/\/erenyesilyurt.com\/#website\"},\"datePublished\":\"2024-03-04T11:19:34+00:00\",\"dateModified\":\"2025-11-04T20:16:07+00:00\",\"breadcrumb\":{\"@id\":\"https:\/\/erenyesilyurt.com\/index.php\/hakkimda\/#breadcrumb\"},\"inLanguage\":\"en-US\",\"potentialAction\":[{\"@type\":\"ReadAction\",\"target\":[\"https:\/\/erenyesilyurt.com\/index.php\/hakkimda\/\"]}]},{\"@type\":\"BreadcrumbList\",\"@id\":\"https:\/\/erenyesilyurt.com\/index.php\/hakkimda\/#breadcrumb\",\"itemListElement\":[{\"@type\":\"ListItem\",\"position\":1,\"name\":\"Anasayfa\",\"item\":\"https:\/\/erenyesilyurt.com\/\"},{\"@type\":\"ListItem\",\"position\":2,\"name\":\"Hakk\u0131mda\/About Me\"}]},{\"@type\":\"WebSite\",\"@id\":\"https:\/\/erenyesilyurt.com\/#website\",\"url\":\"https:\/\/erenyesilyurt.com\/\",\"name\":\"Eren Ye\u015filyurt\",\"description\":\"Lux venit ab alto\",\"publisher\":{\"@id\":\"https:\/\/erenyesilyurt.com\/#\/schema\/person\/ff31a9b0cf4c3738d6325963ff6af263\"},\"potentialAction\":[{\"@type\":\"SearchAction\",\"target\":{\"@type\":\"EntryPoint\",\"urlTemplate\":\"https:\/\/erenyesilyurt.com\/?s={search_term_string}\"},\"query-input\":\"required name=search_term_string\"}],\"inLanguage\":\"en-US\"},{\"@type\":[\"Person\",\"Organization\"],\"@id\":\"https:\/\/erenyesilyurt.com\/#\/schema\/person\/ff31a9b0cf4c3738d6325963ff6af263\",\"name\":\"erenyesilyurt.com\",\"image\":{\"@type\":\"ImageObject\",\"inLanguage\":\"en-US\",\"@id\":\"https:\/\/erenyesilyurt.com\/#\/schema\/person\/image\/\",\"url\":\"https:\/\/erenyesilyurt.com\/wp-content\/litespeed\/avatar\/ae4ccefc8034a37e9d6597a872ea3007.jpg?ver=1775412395\",\"contentUrl\":\"https:\/\/erenyesilyurt.com\/wp-content\/litespeed\/avatar\/ae4ccefc8034a37e9d6597a872ea3007.jpg?ver=1775412395\",\"caption\":\"erenyesilyurt.com\"},\"logo\":{\"@id\":\"https:\/\/erenyesilyurt.com\/#\/schema\/person\/image\/\"},\"sameAs\":[\"http:\/\/erenyesilyurt.com\"]}]}<\/script>\n<!-- \/ Yoast SEO plugin. -->","yoast_head_json":{"title":"Hakk\u0131mda\/About Me - Eren Ye\u015filyurt","robots":{"index":"index","follow":"follow","max-snippet":"max-snippet:-1","max-image-preview":"max-image-preview:large","max-video-preview":"max-video-preview:-1"},"canonical":"https:\/\/erenyesilyurt.com\/index.php\/hakkimda\/","og_locale":"en_US","og_type":"article","og_title":"Hakk\u0131mda\/About Me - Eren Ye\u015filyurt","og_description":"Ben Eren Ye\u015filyurt. Bu websitesini kendi ilgi ve meraklar\u0131m \u00e7er\u00e7evesinde yaz\u0131 ve r\u00f6portajlar\u0131m\u0131 yay\u0131nlamak i\u00e7in a\u00e7t\u0131m. Websitemi b\u00fcy\u00fctmek ve bir \u00e7ok farkl\u0131 dilde yay\u0131n yapmak ve herhangi bir yerden destek almadan ba\u011f\u0131ms\u0131z olarak bu i\u015fleri yapmak istiyorum. I am Eren Ye\u015filyurt. I want to expand my website and publish in many different languages. I want... Continue reading &#8594;","og_url":"https:\/\/erenyesilyurt.com\/index.php\/hakkimda\/","og_site_name":"Eren Ye\u015filyurt","article_modified_time":"2025-11-04T20:16:07+00:00","twitter_card":"summary_large_image","twitter_misc":{"Est. reading time":"1 minute"},"schema":{"@context":"https:\/\/schema.org","@graph":[{"@type":"WebPage","@id":"https:\/\/erenyesilyurt.com\/index.php\/hakkimda\/","url":"https:\/\/erenyesilyurt.com\/index.php\/hakkimda\/","name":"Hakk\u0131mda\/About Me - Eren Ye\u015filyurt","isPartOf":{"@id":"https:\/\/erenyesilyurt.com\/#website"},"datePublished":"2024-03-04T11:19:34+00:00","dateModified":"2025-11-04T20:16:07+00:00","breadcrumb":{"@id":"https:\/\/erenyesilyurt.com\/index.php\/hakkimda\/#breadcrumb"},"inLanguage":"en-US","potentialAction":[{"@type":"ReadAction","target":["https:\/\/erenyesilyurt.com\/index.php\/hakkimda\/"]}]},{"@type":"BreadcrumbList","@id":"https:\/\/erenyesilyurt.com\/index.php\/hakkimda\/#breadcrumb","itemListElement":[{"@type":"ListItem","position":1,"name":"Anasayfa","item":"https:\/\/erenyesilyurt.com\/"},{"@type":"ListItem","position":2,"name":"Hakk\u0131mda\/About Me"}]},{"@type":"WebSite","@id":"https:\/\/erenyesilyurt.com\/#website","url":"https:\/\/erenyesilyurt.com\/","name":"Eren Ye\u015filyurt","description":"Lux venit ab alto","publisher":{"@id":"https:\/\/erenyesilyurt.com\/#\/schema\/person\/ff31a9b0cf4c3738d6325963ff6af263"},"potentialAction":[{"@type":"SearchAction","target":{"@type":"EntryPoint","urlTemplate":"https:\/\/erenyesilyurt.com\/?s={search_term_string}"},"query-input":"required name=search_term_string"}],"inLanguage":"en-US"},{"@type":["Person","Organization"],"@id":"https:\/\/erenyesilyurt.com\/#\/schema\/person\/ff31a9b0cf4c3738d6325963ff6af263","name":"erenyesilyurt.com","image":{"@type":"ImageObject","inLanguage":"en-US","@id":"https:\/\/erenyesilyurt.com\/#\/schema\/person\/image\/","url":"https:\/\/erenyesilyurt.com\/wp-content\/litespeed\/avatar\/ae4ccefc8034a37e9d6597a872ea3007.jpg?ver=1775412395","contentUrl":"https:\/\/erenyesilyurt.com\/wp-content\/litespeed\/avatar\/ae4ccefc8034a37e9d6597a872ea3007.jpg?ver=1775412395","caption":"erenyesilyurt.com"},"logo":{"@id":"https:\/\/erenyesilyurt.com\/#\/schema\/person\/image\/"},"sameAs":["http:\/\/erenyesilyurt.com"]}]}},"jetpack_sharing_enabled":true,"_links":{"self":[{"href":"https:\/\/erenyesilyurt.com\/index.php\/wp-json\/wp\/v2\/pages\/376","targetHints":{"allow":["GET"]}}],"collection":[{"href":"https:\/\/erenyesilyurt.com\/index.php\/wp-json\/wp\/v2\/pages"}],"about":[{"href":"https:\/\/erenyesilyurt.com\/index.php\/wp-json\/wp\/v2\/types\/page"}],"author":[{"embeddable":true,"href":"https:\/\/erenyesilyurt.com\/index.php\/wp-json\/wp\/v2\/users\/1"}],"replies":[{"embeddable":true,"href":"https:\/\/erenyesilyurt.com\/index.php\/wp-json\/wp\/v2\/comments?post=376"}],"version-history":[{"count":6,"href":"https:\/\/erenyesilyurt.com\/index.php\/wp-json\/wp\/v2\/pages\/376\/revisions"}],"predecessor-version":[{"id":2768,"href":"https:\/\/erenyesilyurt.com\/index.php\/wp-json\/wp\/v2\/pages\/376\/revisions\/2768"}],"wp:attachment":[{"href":"https:\/\/erenyesilyurt.com\/index.php\/wp-json\/wp\/v2\/media?parent=376"}],"curies":[{"name":"wp","href":"https:\/\/api.w.org\/{rel}","templated":true}]}}